{"id":875,"date":"2024-02-23T14:47:06","date_gmt":"2024-02-23T14:47:06","guid":{"rendered":"https:\/\/www.bifalosteakhouse.pl\/?post_type=product&#038;p=875"},"modified":"2024-06-28T15:20:06","modified_gmt":"2024-06-28T15:20:06","slug":"mus-czekoladowy","status":"publish","type":"product","link":"https:\/\/www.bifalosteakhouse.pl\/en\/product\/mus-czekoladowy\/","title":{"rendered":"creamy cheesecake with white chocolate"},"content":{"rendered":"<p>served with salted caramel<\/p>","protected":false},"excerpt":{"rendered":"<p>served with salted caramel<\/p>","protected":false},"featured_media":0,"comment_status":"open","ping_status":"closed","template":"","meta":[],"product_brand":[],"product_cat":[36],"product_tag":[],"class_list":{"0":"post-875","1":"product","2":"type-product","3":"status-publish","5":"product_cat-desery","7":"first","8":"instock","9":"shipping-taxable","10":"purchasable","11":"product-type-simple"},"yoast_head":"<!-- This site is optimized with the Yoast SEO plugin v26.8 - https:\/\/yoast.com\/product\/yoast-seo-wordpress\/ -->\n<title>kremowy sernik z bia\u0142\u0105 czekolad\u0105 - Bifalo Steakhouse<\/title>\n<meta name=\"robots\" content=\"index, follow, max-snippet:-1, max-image-preview:large, max-video-preview:-1\" \/>\n<link rel=\"canonical\" href=\"https:\/\/www.bifalosteakhouse.pl\/en\/product\/mus-czekoladowy\/\" \/>\n<meta property=\"og:locale\" content=\"en_GB\" \/>\n<meta property=\"og:type\" content=\"article\" \/>\n<meta property=\"og:title\" content=\"kremowy sernik z bia\u0142\u0105 czekolad\u0105 - Bifalo Steakhouse\" \/>\n<meta property=\"og:description\" content=\"podawany ze s\u0142onym karmelem\" \/>\n<meta property=\"og:url\" content=\"https:\/\/www.bifalosteakhouse.pl\/en\/product\/mus-czekoladowy\/\" \/>\n<meta property=\"og:site_name\" content=\"Bifalo Steakhouse\" \/>\n<meta property=\"article:modified_time\" content=\"2024-06-28T15:20:06+00:00\" \/>\n<meta name=\"twitter:card\" content=\"summary_large_image\" \/>\n<meta name=\"twitter:label1\" content=\"Estimated reading time\" \/>\n\t<meta name=\"twitter:data1\" content=\"1 minute\" \/>\n<script type=\"application\/ld+json\" class=\"yoast-schema-graph\">{\"@context\":\"https:\/\/schema.org\",\"@graph\":[{\"@type\":\"WebPage\",\"@id\":\"https:\/\/www.bifalosteakhouse.pl\/produkt\/mus-czekoladowy\/\",\"url\":\"https:\/\/www.bifalosteakhouse.pl\/produkt\/mus-czekoladowy\/\",\"name\":\"kremowy sernik z bia\u0142\u0105 czekolad\u0105 - Bifalo Steakhouse\",\"isPartOf\":{\"@id\":\"https:\/\/www.bifalosteakhouse.pl\/#website\"},\"datePublished\":\"2024-02-23T14:47:06+00:00\",\"dateModified\":\"2024-06-28T15:20:06+00:00\",\"breadcrumb\":{\"@id\":\"https:\/\/www.bifalosteakhouse.pl\/produkt\/mus-czekoladowy\/#breadcrumb\"},\"inLanguage\":\"en-GB\",\"potentialAction\":[{\"@type\":\"ReadAction\",\"target\":[\"https:\/\/www.bifalosteakhouse.pl\/produkt\/mus-czekoladowy\/\"]}]},{\"@type\":\"BreadcrumbList\",\"@id\":\"https:\/\/www.bifalosteakhouse.pl\/produkt\/mus-czekoladowy\/#breadcrumb\",\"itemListElement\":[{\"@type\":\"ListItem\",\"position\":1,\"name\":\"Strona g\u0142\u00f3wna\",\"item\":\"https:\/\/www.bifalosteakhouse.pl\/\"},{\"@type\":\"ListItem\",\"position\":2,\"name\":\"Prywatne: Sklep\",\"item\":\"https:\/\/www.bifalosteakhouse.pl\/sklep\/\"},{\"@type\":\"ListItem\",\"position\":3,\"name\":\"kremowy sernik z bia\u0142\u0105 czekolad\u0105\"}]},{\"@type\":\"WebSite\",\"@id\":\"https:\/\/www.bifalosteakhouse.pl\/#website\",\"url\":\"https:\/\/www.bifalosteakhouse.pl\/\",\"name\":\"Bifalo Steakhouse\",\"description\":\"Bifalo Steakhouse - restauracja Zakopane\",\"publisher\":{\"@id\":\"https:\/\/www.bifalosteakhouse.pl\/#organization\"},\"potentialAction\":[{\"@type\":\"SearchAction\",\"target\":{\"@type\":\"EntryPoint\",\"urlTemplate\":\"https:\/\/www.bifalosteakhouse.pl\/?s={search_term_string}\"},\"query-input\":{\"@type\":\"PropertyValueSpecification\",\"valueRequired\":true,\"valueName\":\"search_term_string\"}}],\"inLanguage\":\"en-GB\"},{\"@type\":\"Organization\",\"@id\":\"https:\/\/www.bifalosteakhouse.pl\/#organization\",\"name\":\"Bifalo Steakhouse\",\"url\":\"https:\/\/www.bifalosteakhouse.pl\/\",\"logo\":{\"@type\":\"ImageObject\",\"inLanguage\":\"en-GB\",\"@id\":\"https:\/\/www.bifalosteakhouse.pl\/#\/schema\/logo\/image\/\",\"url\":\"https:\/\/www.bifalosteakhouse.pl\/wp-content\/uploads\/2024\/01\/bifalo-logo-black.jpg\",\"contentUrl\":\"https:\/\/www.bifalosteakhouse.pl\/wp-content\/uploads\/2024\/01\/bifalo-logo-black.jpg\",\"width\":166,\"height\":97,\"caption\":\"Bifalo Steakhouse\"},\"image\":{\"@id\":\"https:\/\/www.bifalosteakhouse.pl\/#\/schema\/logo\/image\/\"}}]}<\/script>\n<!-- \/ Yoast SEO plugin. -->","yoast_head_json":{"title":"kremowy sernik z bia\u0142\u0105 czekolad\u0105 - Bifalo Steakhouse","robots":{"index":"index","follow":"follow","max-snippet":"max-snippet:-1","max-image-preview":"max-image-preview:large","max-video-preview":"max-video-preview:-1"},"canonical":"https:\/\/www.bifalosteakhouse.pl\/en\/product\/mus-czekoladowy\/","og_locale":"en_GB","og_type":"article","og_title":"kremowy sernik z bia\u0142\u0105 czekolad\u0105 - Bifalo Steakhouse","og_description":"podawany ze s\u0142onym karmelem","og_url":"https:\/\/www.bifalosteakhouse.pl\/en\/product\/mus-czekoladowy\/","og_site_name":"Bifalo Steakhouse","article_modified_time":"2024-06-28T15:20:06+00:00","twitter_card":"summary_large_image","twitter_misc":{"Estimated reading time":"1 minute"},"schema":{"@context":"https:\/\/schema.org","@graph":[{"@type":"WebPage","@id":"https:\/\/www.bifalosteakhouse.pl\/produkt\/mus-czekoladowy\/","url":"https:\/\/www.bifalosteakhouse.pl\/produkt\/mus-czekoladowy\/","name":"kremowy sernik z bia\u0142\u0105 czekolad\u0105 - Bifalo Steakhouse","isPartOf":{"@id":"https:\/\/www.bifalosteakhouse.pl\/#website"},"datePublished":"2024-02-23T14:47:06+00:00","dateModified":"2024-06-28T15:20:06+00:00","breadcrumb":{"@id":"https:\/\/www.bifalosteakhouse.pl\/produkt\/mus-czekoladowy\/#breadcrumb"},"inLanguage":"en-GB","potentialAction":[{"@type":"ReadAction","target":["https:\/\/www.bifalosteakhouse.pl\/produkt\/mus-czekoladowy\/"]}]},{"@type":"BreadcrumbList","@id":"https:\/\/www.bifalosteakhouse.pl\/produkt\/mus-czekoladowy\/#breadcrumb","itemListElement":[{"@type":"ListItem","position":1,"name":"Strona g\u0142\u00f3wna","item":"https:\/\/www.bifalosteakhouse.pl\/"},{"@type":"ListItem","position":2,"name":"Prywatne: Sklep","item":"https:\/\/www.bifalosteakhouse.pl\/sklep\/"},{"@type":"ListItem","position":3,"name":"kremowy sernik z bia\u0142\u0105 czekolad\u0105"}]},{"@type":"WebSite","@id":"https:\/\/www.bifalosteakhouse.pl\/#website","url":"https:\/\/www.bifalosteakhouse.pl\/","name":"Bifalo Steakhouse","description":"Bifalo Steakhouse - restauracja Zakopane","publisher":{"@id":"https:\/\/www.bifalosteakhouse.pl\/#organization"},"potentialAction":[{"@type":"SearchAction","target":{"@type":"EntryPoint","urlTemplate":"https:\/\/www.bifalosteakhouse.pl\/?s={search_term_string}"},"query-input":{"@type":"PropertyValueSpecification","valueRequired":true,"valueName":"search_term_string"}}],"inLanguage":"en-GB"},{"@type":"Organization","@id":"https:\/\/www.bifalosteakhouse.pl\/#organization","name":"Bifalo Steakhouse","url":"https:\/\/www.bifalosteakhouse.pl\/","logo":{"@type":"ImageObject","inLanguage":"en-GB","@id":"https:\/\/www.bifalosteakhouse.pl\/#\/schema\/logo\/image\/","url":"https:\/\/www.bifalosteakhouse.pl\/wp-content\/uploads\/2024\/01\/bifalo-logo-black.jpg","contentUrl":"https:\/\/www.bifalosteakhouse.pl\/wp-content\/uploads\/2024\/01\/bifalo-logo-black.jpg","width":166,"height":97,"caption":"Bifalo Steakhouse"},"image":{"@id":"https:\/\/www.bifalosteakhouse.pl\/#\/schema\/logo\/image\/"}}]}},"_links":{"self":[{"href":"https:\/\/www.bifalosteakhouse.pl\/en\/wp-json\/wp\/v2\/product\/875","targetHints":{"allow":["GET"]}}],"collection":[{"href":"https:\/\/www.bifalosteakhouse.pl\/en\/wp-json\/wp\/v2\/product"}],"about":[{"href":"https:\/\/www.bifalosteakhouse.pl\/en\/wp-json\/wp\/v2\/types\/product"}],"replies":[{"embeddable":true,"href":"https:\/\/www.bifalosteakhouse.pl\/en\/wp-json\/wp\/v2\/comments?post=875"}],"wp:attachment":[{"href":"https:\/\/www.bifalosteakhouse.pl\/en\/wp-json\/wp\/v2\/media?parent=875"}],"wp:term":[{"taxonomy":"product_brand","embeddable":true,"href":"https:\/\/www.bifalosteakhouse.pl\/en\/wp-json\/wp\/v2\/product_brand?post=875"},{"taxonomy":"product_cat","embeddable":true,"href":"https:\/\/www.bifalosteakhouse.pl\/en\/wp-json\/wp\/v2\/product_cat?post=875"},{"taxonomy":"product_tag","embeddable":true,"href":"https:\/\/www.bifalosteakhouse.pl\/en\/wp-json\/wp\/v2\/product_tag?post=875"}],"curies":[{"name":"wp","href":"https:\/\/api.w.org\/{rel}","templated":true}]}}